{"id":4615,"date":"2025-06-11T02:15:57","date_gmt":"2025-06-11T08:15:57","guid":{"rendered":"https:\/\/over-50.de\/erklaerung-zur-barrierefreiheit\/"},"modified":"2026-01-11T07:35:38","modified_gmt":"2026-01-11T13:35:38","slug":"erklaerung-zur-barrierefreiheit","status":"publish","type":"page","link":"https:\/\/over-50.de\/de\/erklaerung-zur-barrierefreiheit\/","title":{"rendered":"Erkl\u00e4rung zur Barrierefreiheit"},"content":{"rendered":"\n<h6 class=\"wp-block-heading has-text-align-center\">Erkl\u00e4rung zur Barrierefreiheit f\u00fcr https:\/\/over-50.de\/<\/h6>\n\n<p><strong>Over50 UG<\/strong> hat sich verpflichtet, die digitale Barrierefreiheit f\u00fcr Menschen mit Behinderungen zu gew\u00e4hrleisten. Wir verbessern kontinuierlich die Benutzerfreundlichkeit f\u00fcr alle und wenden die relevanten Standards f\u00fcr Barrierefreiheit an. <\/p>\n\n<h6 class=\"wp-block-heading\">Konformit\u00e4tsstatus<\/h6>\n\n<p>Die Web Content Accessibility Guidelines (WCAG) definieren Anforderungen an Designer und Entwickler zur Verbesserung der Barrierefreiheit f\u00fcr Menschen mit Behinderungen. Sie definieren drei Konformit\u00e4tsstufen: Stufe A, Stufe AA und Stufe AAA. <\/p>\n\n<p><strong>Over50 UG<\/strong> unternimmt st\u00e4ndige Anstrengungen, um die Barrierefreiheit seiner Website und Dienste zu verbessern, in der \u00dcberzeugung, dass es unsere gemeinsame moralische Verpflichtung ist, eine nahtlose, zug\u00e4ngliche und ungehinderte Nutzung f\u00fcr diejenigen von uns mit Behinderungen zu erm\u00f6glichen.<\/p>\n\n<p>Wir sind bestrebt, alle Seiten und Inhalte auf <strong>https:\/\/over-50.de\/<\/strong> zug\u00e4nglich zu machen, aber einige Inhalte entsprechen m\u00f6glicherweise noch nicht vollst\u00e4ndig den h\u00f6chsten Standards f\u00fcr Barrierefreiheit. Dies k\u00f6nnte an Schwierigkeiten bei der Identifizierung der am besten geeigneten technologischen L\u00f6sung liegen. <\/p>\n\n<p>Wir k\u00f6nnen diese Erkl\u00e4rung regelm\u00e4\u00dfig \u00fcberarbeiten, um Verbesserungen oder \u00c4nderungen unserer Praktiken zur Barrierefreiheit widerzuspiegeln.<\/p>\n\n<h6 class=\"wp-block-heading\">Feedback<\/h6>\n\n<p>Wir freuen uns \u00fcber Ihr Feedback zur Barrierefreiheit der Website von <strong>Over50 UG<\/strong>. Bitte teilen Sie uns mit, wenn Sie auf unserer Website auf Barrieren sto\u00dfen: <\/p>\n\n<p>E-Mail: <strong>admin@over-50.de<\/strong><\/p>\n\n<p>Wir versuchen, innerhalb von 3\u20135 Werktagen auf Feedback zu antworten.<\/p>\n\n<p>Diese Erkl\u00e4rung wurde am 11.06.2025 erstellt. <\/p>\n","protected":false},"excerpt":{"rendered":"<p>Erkl\u00e4rung zur Barrierefreiheit f\u00fcr https:\/\/over-50.de\/ Over50 UG hat sich verpflichtet, die digitale Barrierefreiheit f\u00fcr Menschen mit Behinderungen zu gew\u00e4hrleisten. Wir verbessern kontinuierlich die Benutzerfreundlichkeit f\u00fcr alle und wenden die relevanten Standards f\u00fcr Barrierefreiheit an. Konformit\u00e4tsstatus Die Web Content Accessibility Guidelines (WCAG) definieren Anforderungen an Designer und Entwickler zur Verbesserung der Barrierefreiheit f\u00fcr Menschen mit Behinderungen. Sie definieren drei Konformit\u00e4tsstufen: Stufe A, Stufe AA und Stufe&#8230; <\/p>\n<p class=\"more\"><a class=\"more-link\" href=\"https:\/\/over-50.de\/de\/erklaerung-zur-barrierefreiheit\/\">Mehr erfahren<\/a><\/p>\n","protected":false},"author":2,"featured_media":0,"parent":0,"menu_order":0,"comment_status":"closed","ping_status":"closed","template":"","meta":{"footnotes":""},"class_list":["post-4615","page","type-page","status-publish","hentry","is-cat-link-line-before"],"_links":{"self":[{"href":"https:\/\/over-50.de\/de\/wp-json\/wp\/v2\/pages\/4615","targetHints":{"allow":["GET"]}}],"collection":[{"href":"https:\/\/over-50.de\/de\/wp-json\/wp\/v2\/pages"}],"about":[{"href":"https:\/\/over-50.de\/de\/wp-json\/wp\/v2\/types\/page"}],"author":[{"embeddable":true,"href":"https:\/\/over-50.de\/de\/wp-json\/wp\/v2\/users\/2"}],"replies":[{"embeddable":true,"href":"https:\/\/over-50.de\/de\/wp-json\/wp\/v2\/comments?post=4615"}],"version-history":[{"count":1,"href":"https:\/\/over-50.de\/de\/wp-json\/wp\/v2\/pages\/4615\/revisions"}],"predecessor-version":[{"id":4623,"href":"https:\/\/over-50.de\/de\/wp-json\/wp\/v2\/pages\/4615\/revisions\/4623"}],"wp:attachment":[{"href":"https:\/\/over-50.de\/de\/wp-json\/wp\/v2\/media?parent=4615"}],"curies":[{"name":"wp","href":"https:\/\/api.w.org\/{rel}","templated":true}]}}