{"id":4646,"date":"2025-05-10T05:32:21","date_gmt":"2025-05-10T11:32:21","guid":{"rendered":"https:\/\/over-50.de\/allgemeine-geschaeftsbedingungen\/"},"modified":"2026-01-11T07:36:05","modified_gmt":"2026-01-11T13:36:05","slug":"allgemeine-geschaeftsbedingungen","status":"publish","type":"page","link":"https:\/\/over-50.de\/de\/allgemeine-geschaeftsbedingungen\/","title":{"rendered":"Allgemeine Gesch\u00e4ftsbedingungen"},"content":{"rendered":"\t\t<div data-elementor-type=\"wp-page\" data-elementor-id=\"4646\" class=\"elementor elementor-4646 elementor-3656\">\n\t\t\t\t<div class=\"elementor-element elementor-element-0416632 e-flex e-con-boxed e-con e-parent\" data-id=\"0416632\" data-element_type=\"container\" data-e-type=\"container\" data-settings=\"{&quot;background_background&quot;:&quot;classic&quot;,&quot;jet_parallax_layout_list&quot;:[]}\">\n\t\t\t\t\t<div class=\"e-con-inner\">\n\t\t<div class=\"elementor-element elementor-element-220d606 e-con-full e-flex e-con e-child\" data-id=\"220d606\" data-element_type=\"container\" data-e-type=\"container\" data-settings=\"{&quot;jet_parallax_layout_list&quot;:[]}\">\n\t\t\t\t<div class=\"elementor-element elementor-element-15b0cbe elementor-widget elementor-widget-heading\" data-id=\"15b0cbe\" data-element_type=\"widget\" data-e-type=\"widget\" data-widget_type=\"heading.default\">\n\t\t\t\t<div class=\"elementor-widget-container\">\n\t\t\t\t\t<h2 class=\"elementor-heading-title elementor-size-default\">Allgemeine Gesch\u00e4ftsbedingungen\n<\/h2>\t\t\t\t<\/div>\n\t\t\t\t<\/div>\n\t\t\t\t<\/div>\n\t\t\t\t\t<\/div>\n\t\t\t\t<\/div>\n\t\t<div class=\"elementor-element elementor-element-0cf5cd4 e-flex e-con-boxed e-con e-parent\" data-id=\"0cf5cd4\" data-element_type=\"container\" data-e-type=\"container\" data-settings=\"{&quot;jet_parallax_layout_list&quot;:[],&quot;background_background&quot;:&quot;classic&quot;}\">\n\t\t\t\t\t<div class=\"e-con-inner\">\n\t\t\t\t<div class=\"elementor-element elementor-element-1997647 elementor-widget elementor-widget-text-editor\" data-id=\"1997647\" data-element_type=\"widget\" data-e-type=\"widget\" data-widget_type=\"text-editor.default\">\n\t\t\t\t<div class=\"elementor-widget-container\">\n\t\t\t\t\t\t\t\t\t<h5 id=\"h-last-updated-august-10-2024\" class=\"wp-block-heading\"><strong>Letzte Aktualisierung: 31. Mai 2025<\/strong><\/h5>\n<h2 id=\"h-1-introduction\" class=\"wp-block-heading\"><strong>1. Einf\u00fchrung<\/strong><\/h2>\n<p>Willkommen bei Over50 Consulting. Durch den Zugriff auf unsere Website admin@over-50.de (der \u201eDienst\u201c) erkl\u00e4ren Sie sich mit diesen Allgemeinen Gesch\u00e4ftsbedingungen einverstanden. Wenn Sie mit irgendeinem Teil dieser Bedingungen nicht einverstanden sind, nutzen Sie bitte unseren Dienst nicht.  <\/p>\n<h2 id=\"h-2-definitions\" class=\"wp-block-heading\"><strong>2. Definitionen<\/strong><\/h2>\n<ul class=\"wp-block-list\">\n<li><strong>Firma<\/strong>: Over50 UG, Berlin 13355.<\/li>\n<li><strong>Dienst<\/strong>: Die Website, die von admin@over-50.de aus zug\u00e4nglich ist<\/li>\n<li><strong>Sie<\/strong>: Der Benutzer oder die Person, die auf unseren Dienst zugreift oder ihn nutzt.<\/li>\n<\/ul>\n<h2 id=\"h-3-acknowledgment\" class=\"wp-block-heading\"><strong>3. Best\u00e4tigung<\/strong><\/h2>\n<p>Diese Bedingungen regeln Ihre Nutzung unseres Dienstes. Durch die Nutzung des Dienstes best\u00e4tigen Sie, dass Sie mindestens 18 Jahre alt sind und diesen Bedingungen sowie unserer Datenschutzrichtlinie zustimmen. <\/p>\n<h2 id=\"h-4-links-to-other-websites\" class=\"wp-block-heading\"><strong>4. Links zu anderen Websites<\/strong><\/h2>\n<p>Unser Dienst kann Links zu Websites Dritter enthalten. Wir sind nicht verantwortlich f\u00fcr den Inhalt, die Datenschutzrichtlinien oder die Praktiken dieser Websites. Wir empfehlen Ihnen, die Allgemeinen Gesch\u00e4ftsbedingungen und Datenschutzrichtlinien aller von Ihnen besuchten Websites Dritter zu lesen.  <\/p>\n<h2 id=\"h-5-termination\" class=\"wp-block-heading\"><strong>5. K\u00fcndigung<\/strong><\/h2>\n<p>Wir k\u00f6nnen Ihren Zugriff auf den Dienst ohne Vorank\u00fcndigung beenden oder aussetzen, wenn Sie gegen diese Bedingungen versto\u00dfen. Nach der K\u00fcndigung erlischt Ihr Recht zur Nutzung des Dienstes sofort. <\/p>\n<h2 id=\"h-6-limitation-of-liability\" class=\"wp-block-heading\"><strong>6. Haftungsbeschr\u00e4nkung<\/strong><\/h2>\n<p>Soweit gesetzlich zul\u00e4ssig, haftet Over50 nicht f\u00fcr indirekte, zuf\u00e4llige, besondere oder Folgesch\u00e4den, die sich aus Ihrer Nutzung des Dienstes ergeben. Unsere Haftung ist auf den Betrag beschr\u00e4nkt, den Sie f\u00fcr den Dienst bezahlt haben, oder auf 100 $, wenn Sie keine K\u00e4ufe get\u00e4tigt haben. <\/p>\n<h2 id=\"h-7-as-is-and-as-available-disclaimer\" class=\"wp-block-heading\"><strong>7. \u201eWIE BESEHEN\u201c und \u201eWIE VERF\u00dcGBAR\u201c-Haftungsausschluss<\/strong><\/h2>\n<p>Der Dienst wird \u201ewie besehen\u201c und \u201ewie verf\u00fcgbar\u201c ohne jegliche ausdr\u00fcckliche oder stillschweigende Gew\u00e4hrleistungen bereitgestellt. Wir garantieren nicht, dass der Dienst Ihre Anforderungen erf\u00fcllt, fehlerfrei oder ununterbrochen ist. <\/p>\n<h2 id=\"h-8-governing-law\" class=\"wp-block-heading\"><strong>8. Geltendes Recht<\/strong><\/h2>\n<p>Diese Bedingungen unterliegen den Gesetzen von Berlin, Deutschland. Ihre Nutzung des Dienstes kann auch anderen lokalen, staatlichen, nationalen oder internationalen Gesetzen unterliegen. <\/p>\n<h2 id=\"h-9-dispute-resolution\" class=\"wp-block-heading\"><strong>9. Streitbeilegung<\/strong><\/h2>\n<p>Wenn Sie Streitigkeiten mit uns haben, kontaktieren Sie uns bitte zuerst, um das Problem informell zu l\u00f6sen.<\/p>\n<h2 id=\"h-10-severability\" class=\"wp-block-heading\"><strong>10. Salvatorische Klausel<\/strong><\/h2>\n<p>Sollte ein Teil dieser Bedingungen f\u00fcr nicht durchsetzbar befunden werden, bleiben die \u00fcbrigen Bestimmungen in vollem Umfang in Kraft und wirksam.<\/p>\n<h2 id=\"h-11-comments\" class=\"wp-block-heading\"><strong>11. Kommentare<\/strong><\/h2>\n<p>Die Inhalte unserer Website dienen nur zu Informationszwecken. Over50 haftet nicht f\u00fcr Handlungen, die aufgrund der Informationen auf der Website unternommen werden. <\/p>\n<h2 id=\"h-12-intellectual-property\" class=\"wp-block-heading\"><strong>12. Geistiges Eigentum<\/strong><\/h2>\n<p>Over50 UG besitzt alle Inhalte auf der Website. Die Vervielf\u00e4ltigung ohne Genehmigung ist untersagt. <\/p>\n<h2 id=\"h-13-changes-to-these-terms\" class=\"wp-block-heading\"><strong>13. \u00c4nderungen an diesen Bedingungen<\/strong><\/h2>\n<p>Wir k\u00f6nnen diese Bedingungen von Zeit zu Zeit aktualisieren. Wir werden Sie \u00fcber wesentliche \u00c4nderungen informieren, indem wir die neuen Bedingungen auf dieser Seite ver\u00f6ffentlichen. Wenn Sie unseren Dienst nach Vornahme von \u00c4nderungen weiterhin nutzen, erkl\u00e4ren Sie sich mit den aktualisierten Bedingungen einverstanden.  <\/p>\n<h2 id=\"h-14-contact-us\" class=\"wp-block-heading\"><strong>14. Kontaktieren Sie uns<\/strong><\/h2>\n<p>Wenn Sie Fragen zu diesen Bedingungen haben, kontaktieren Sie uns bitte unter admin@over-50.de<\/p>\n<p><\/p>\t\t\t\t\t\t\t\t<\/div>\n\t\t\t\t<\/div>\n\t\t\t\t\t<\/div>\n\t\t\t\t<\/div>\n\t\t\t\t<\/div>\n\t\t","protected":false},"excerpt":{"rendered":"<p>Allgemeine Gesch\u00e4ftsbedingungen Letzte Aktualisierung: 31. Mai 2025 1. Einf\u00fchrung Willkommen bei Over50 Consulting. Durch den Zugriff auf unsere Website admin@over-50.de (der \u201eDienst\u201c) erkl\u00e4ren Sie sich mit diesen Allgemeinen Gesch\u00e4ftsbedingungen einverstanden. Wenn Sie mit irgendeinem Teil dieser Bedingungen nicht einverstanden sind, nutzen Sie bitte unseren Dienst nicht. 2. Definitionen Firma: Over50 UG, Berlin 13355. Dienst: Die Website, die von admin@over-50.de aus zug\u00e4nglich ist Sie: Der Benutzer&#8230; <\/p>\n<p class=\"more\"><a class=\"more-link\" href=\"https:\/\/over-50.de\/de\/allgemeine-geschaeftsbedingungen\/\">Mehr erfahren<\/a><\/p>\n","protected":false},"author":2,"featured_media":0,"parent":0,"menu_order":0,"comment_status":"closed","ping_status":"closed","template":"elementor_header_footer","meta":{"footnotes":""},"class_list":["post-4646","page","type-page","status-publish","hentry","is-cat-link-line-before"],"_links":{"self":[{"href":"https:\/\/over-50.de\/de\/wp-json\/wp\/v2\/pages\/4646","targetHints":{"allow":["GET"]}}],"collection":[{"href":"https:\/\/over-50.de\/de\/wp-json\/wp\/v2\/pages"}],"about":[{"href":"https:\/\/over-50.de\/de\/wp-json\/wp\/v2\/types\/page"}],"author":[{"embeddable":true,"href":"https:\/\/over-50.de\/de\/wp-json\/wp\/v2\/users\/2"}],"replies":[{"embeddable":true,"href":"https:\/\/over-50.de\/de\/wp-json\/wp\/v2\/comments?post=4646"}],"version-history":[{"count":1,"href":"https:\/\/over-50.de\/de\/wp-json\/wp\/v2\/pages\/4646\/revisions"}],"predecessor-version":[{"id":4650,"href":"https:\/\/over-50.de\/de\/wp-json\/wp\/v2\/pages\/4646\/revisions\/4650"}],"wp:attachment":[{"href":"https:\/\/over-50.de\/de\/wp-json\/wp\/v2\/media?parent=4646"}],"curies":[{"name":"wp","href":"https:\/\/api.w.org\/{rel}","templated":true}]}}