{"id":4977,"date":"2026-02-05T08:17:01","date_gmt":"2026-02-05T07:17:01","guid":{"rendered":"https:\/\/over-50.de\/allgemeine-geschaeftsbedingungen-2\/"},"modified":"2026-02-05T08:17:32","modified_gmt":"2026-02-05T07:17:32","slug":"allgemeine-geschaeftsbedingungen-2","status":"publish","type":"page","link":"https:\/\/over-50.de\/de\/allgemeine-geschaeftsbedingungen-2\/","title":{"rendered":"Allgemeine Gesch\u00e4ftsbedingungen"},"content":{"rendered":"<h2 class=\"wp-block-heading\">Allgemeine Gesch\u00e4ftsbedingungen<\/h2>\n<p>Bitte lesen Sie diese Allgemeinen Gesch\u00e4ftsbedingungen sorgf\u00e4ltig durch, bevor Sie unsere Website und Dienste nutzen.<\/p>\n\n<h3 class=\"wp-block-heading\">1. Annahme der Bedingungen<\/h3>\n\n<p>Durch den Zugriff auf und die Nutzung dieser Website erkl\u00e4ren Sie sich mit den Bedingungen und Bestimmungen dieser Vereinbarung einverstanden und stimmen diesen zu.<\/p>\n\n<h3 class=\"wp-block-heading\">2. Nutzungslizenz<\/h3>\n\n<p>Es wird die Erlaubnis erteilt, eine Kopie der Materialien auf dieser Website vor\u00fcbergehend nur f\u00fcr den pers\u00f6nlichen, nicht-kommerziellen und vor\u00fcbergehenden Gebrauch herunterzuladen.<\/p>\n\n<h3 class=\"wp-block-heading\">3. Haftungsausschluss<\/h3>\n\n<p>Die Materialien auf dieser Website werden \u201ewie besehen\u201c zur Verf\u00fcgung gestellt. Wir \u00fcbernehmen keine ausdr\u00fccklichen oder stillschweigenden Garantien und lehnen hiermit alle anderen Garantien ab, einschlie\u00dflich, aber nicht beschr\u00e4nkt auf, stillschweigende Garantien oder Bedingungen der Marktg\u00e4ngigkeit, der Eignung f\u00fcr einen bestimmten Zweck oder der Nichtverletzung von geistigem Eigentum oder anderer Rechtsverletzungen. <\/p>\n\n<h3 class=\"wp-block-heading\">4. Einschr\u00e4nkungen<\/h3>\n\n<p>In keinem Fall haften wir oder unsere Lieferanten f\u00fcr Sch\u00e4den (einschlie\u00dflich, aber nicht beschr\u00e4nkt auf, Sch\u00e4den durch Daten- oder Gewinnverlust oder durch Betriebsunterbrechung), die sich aus der Nutzung oder der Unf\u00e4higkeit zur Nutzung der Materialien auf dieser Website ergeben.<\/p>\n\n<h3 class=\"wp-block-heading\">5. \u00dcberarbeitungen<\/h3>\n\n<p>Wir k\u00f6nnen diese Nutzungsbedingungen jederzeit und ohne vorherige Ank\u00fcndigung \u00fcberarbeiten. Durch die Nutzung dieser Website erkl\u00e4ren Sie sich mit der jeweils aktuellen Version dieser Nutzungsbedingungen einverstanden. <\/p>\n\n<h3 class=\"wp-block-heading\">6. Kontaktinformationen<\/h3>\n\n<p>Wenn Sie Fragen zu diesen Allgemeinen Gesch\u00e4ftsbedingungen haben, kontaktieren Sie uns bitte.<\/p>\n","protected":false},"excerpt":{"rendered":"<p>Allgemeine Gesch\u00e4ftsbedingungen Bitte lesen Sie diese Allgemeinen Gesch\u00e4ftsbedingungen sorgf\u00e4ltig durch, bevor Sie unsere Website und Dienste nutzen. 1. Annahme der Bedingungen Durch den Zugriff auf und die Nutzung dieser Website erkl\u00e4ren Sie sich mit den Bedingungen und Bestimmungen dieser Vereinbarung einverstanden und stimmen diesen zu. 2. Nutzungslizenz Es wird die Erlaubnis erteilt, eine Kopie der Materialien auf dieser Website vor\u00fcbergehend nur f\u00fcr den pers\u00f6nlichen, nicht-kommerziellen&#8230; <\/p>\n<p class=\"more\"><a class=\"more-link\" href=\"https:\/\/over-50.de\/de\/allgemeine-geschaeftsbedingungen-2\/\">Mehr erfahren<\/a><\/p>\n","protected":false},"author":1,"featured_media":0,"parent":0,"menu_order":0,"comment_status":"closed","ping_status":"closed","template":"","meta":{"footnotes":""},"class_list":["post-4977","page","type-page","status-publish","hentry","is-cat-link-line-before"],"_links":{"self":[{"href":"https:\/\/over-50.de\/de\/wp-json\/wp\/v2\/pages\/4977","targetHints":{"allow":["GET"]}}],"collection":[{"href":"https:\/\/over-50.de\/de\/wp-json\/wp\/v2\/pages"}],"about":[{"href":"https:\/\/over-50.de\/de\/wp-json\/wp\/v2\/types\/page"}],"author":[{"embeddable":true,"href":"https:\/\/over-50.de\/de\/wp-json\/wp\/v2\/users\/1"}],"replies":[{"embeddable":true,"href":"https:\/\/over-50.de\/de\/wp-json\/wp\/v2\/comments?post=4977"}],"version-history":[{"count":1,"href":"https:\/\/over-50.de\/de\/wp-json\/wp\/v2\/pages\/4977\/revisions"}],"predecessor-version":[{"id":4979,"href":"https:\/\/over-50.de\/de\/wp-json\/wp\/v2\/pages\/4977\/revisions\/4979"}],"wp:attachment":[{"href":"https:\/\/over-50.de\/de\/wp-json\/wp\/v2\/media?parent=4977"}],"curies":[{"name":"wp","href":"https:\/\/api.w.org\/{rel}","templated":true}]}}