{"id":4798,"date":"2025-06-01T10:31:19","date_gmt":"2025-06-01T16:31:19","guid":{"rendered":"https:\/\/over-50.de\/product\/foto-magie\/"},"modified":"2025-06-01T10:31:19","modified_gmt":"2025-06-01T16:31:19","slug":"foto-magie","status":"publish","type":"product","link":"https:\/\/over-50.de\/de\/produkt\/foto-magie\/","title":{"rendered":"Foto-Magie"},"content":{"rendered":"<p>Demn\u00e4chst:<\/p>\n<p>Foto-Magie: So machen, bearbeiten &amp; teilen Sie wundersch\u00f6ne Bilder<\/p>\n<p data-start=\"127\" data-end=\"527\">Verwandeln Sie allt\u00e4gliche Momente in strahlende Erinnerungen. Dieses leicht verst\u00e4ndliche E-Book f\u00fchrt Sie durch die Grundlagen des Fotografierens mit Ihrem Smartphone, verleiht Ihren Bildern mit einfachen Bearbeitungstricks einen Hauch von Magie und zeigt Ihnen, wie Sie Ihre Bilder so teilen, dass sie ein L\u00e4cheln hervorrufen. Kein Fachjargon, keine teure Ausr\u00fcstung \u2013 nur lustige, praktische Tipps, die Ihre Fotos zum Strahlen bringen.  <\/p>\n","protected":false},"excerpt":{"rendered":"<p>Demn\u00e4chst:<\/p>\n<p data-start=\"127\" data-end=\"527\">Verwandeln Sie allt\u00e4gliche Momente in strahlende Erinnerungen. Dieses leicht verst\u00e4ndliche E-Book f\u00fchrt Sie durch die Grundlagen des Fotografierens mit Ihrem Smartphone, verleiht Ihren Bildern mit einfachen Bearbeitungstricks einen Hauch von Magie und zeigt Ihnen, wie Sie Ihre Bilder so teilen, dass sie ein L\u00e4cheln hervorrufen. Kein Fachjargon, keine teure Ausr\u00fcstung \u2013 nur lustige, praktische Tipps, die Ihre Fotos zum Strahlen bringen.  <\/p>\n","protected":false},"featured_media":4493,"comment_status":"open","ping_status":"closed","template":"","meta":[],"product_brand":[],"product_cat":[269],"product_tag":[],"class_list":{"0":"post-4798","1":"product","2":"type-product","3":"status-publish","4":"has-post-thumbnail","6":"product_cat-e-buecher","7":"hentry","9":"first","10":"instock","11":"shipping-taxable","12":"purchasable","13":"product-type-simple"},"_links":{"self":[{"href":"https:\/\/over-50.de\/de\/wp-json\/wp\/v2\/product\/4798","targetHints":{"allow":["GET"]}}],"collection":[{"href":"https:\/\/over-50.de\/de\/wp-json\/wp\/v2\/product"}],"about":[{"href":"https:\/\/over-50.de\/de\/wp-json\/wp\/v2\/types\/product"}],"replies":[{"embeddable":true,"href":"https:\/\/over-50.de\/de\/wp-json\/wp\/v2\/comments?post=4798"}],"wp:featuredmedia":[{"embeddable":true,"href":"https:\/\/over-50.de\/de\/wp-json\/wp\/v2\/media\/4493"}],"wp:attachment":[{"href":"https:\/\/over-50.de\/de\/wp-json\/wp\/v2\/media?parent=4798"}],"wp:term":[{"taxonomy":"product_brand","embeddable":true,"href":"https:\/\/over-50.de\/de\/wp-json\/wp\/v2\/product_brand?post=4798"},{"taxonomy":"product_cat","embeddable":true,"href":"https:\/\/over-50.de\/de\/wp-json\/wp\/v2\/product_cat?post=4798"},{"taxonomy":"product_tag","embeddable":true,"href":"https:\/\/over-50.de\/de\/wp-json\/wp\/v2\/product_tag?post=4798"}],"curies":[{"name":"wp","href":"https:\/\/api.w.org\/{rel}","templated":true}]}}