{"id":4801,"date":"2025-06-01T10:02:12","date_gmt":"2025-06-01T16:02:12","guid":{"rendered":"https:\/\/over-50.de\/product\/videoanrufe\/"},"modified":"2025-06-01T10:02:12","modified_gmt":"2025-06-01T16:02:12","slug":"videoanrufe","status":"publish","type":"product","link":"https:\/\/over-50.de\/de\/produkt\/videoanrufe\/","title":{"rendered":"Videoanrufe"},"content":{"rendered":"<p>Demn\u00e4chst:<\/p>\n<p>Videoanrufe: Eine einfache Anleitung, um in Verbindung zu bleiben<\/p>\n<p>M\u00f6chten Sie Freunde und Familie von Angesicht zu Angesicht sehen, auch aus der Ferne? Diese einfache Anleitung f\u00fchrt Sie Schritt f\u00fcr Schritt durch Ihren ersten Videoanruf. Entdecken Sie, wie Sie Ihr Ger\u00e4t einrichten, einem Anruf beitreten und mit Ihren Lieben l\u00e4cheln k\u00f6nnen \u2013 egal wie gro\u00df die Entfernung ist.  <\/p>\n","protected":false},"excerpt":{"rendered":"<p>Demn\u00e4chst:<\/p>\n<p>M\u00f6chten Sie Freunde und Familie von Angesicht zu Angesicht sehen, auch aus der Ferne? Diese einfache Anleitung f\u00fchrt Sie Schritt f\u00fcr Schritt durch Ihren ersten Videoanruf. Entdecken Sie, wie Sie Ihr Ger\u00e4t einrichten, einem Anruf beitreten und mit Ihren Lieben l\u00e4cheln k\u00f6nnen \u2013 egal wie gro\u00df die Entfernung ist.  <\/p>\n","protected":false},"featured_media":4499,"comment_status":"open","ping_status":"closed","template":"","meta":[],"product_brand":[],"product_cat":[269],"product_tag":[],"class_list":{"0":"post-4801","1":"product","2":"type-product","3":"status-publish","4":"has-post-thumbnail","6":"product_cat-e-buecher","7":"hentry","9":"first","10":"outofstock","11":"shipping-taxable","12":"purchasable","13":"product-type-variable"},"_links":{"self":[{"href":"https:\/\/over-50.de\/de\/wp-json\/wp\/v2\/product\/4801","targetHints":{"allow":["GET"]}}],"collection":[{"href":"https:\/\/over-50.de\/de\/wp-json\/wp\/v2\/product"}],"about":[{"href":"https:\/\/over-50.de\/de\/wp-json\/wp\/v2\/types\/product"}],"replies":[{"embeddable":true,"href":"https:\/\/over-50.de\/de\/wp-json\/wp\/v2\/comments?post=4801"}],"wp:featuredmedia":[{"embeddable":true,"href":"https:\/\/over-50.de\/de\/wp-json\/wp\/v2\/media\/4499"}],"wp:attachment":[{"href":"https:\/\/over-50.de\/de\/wp-json\/wp\/v2\/media?parent=4801"}],"wp:term":[{"taxonomy":"product_brand","embeddable":true,"href":"https:\/\/over-50.de\/de\/wp-json\/wp\/v2\/product_brand?post=4801"},{"taxonomy":"product_cat","embeddable":true,"href":"https:\/\/over-50.de\/de\/wp-json\/wp\/v2\/product_cat?post=4801"},{"taxonomy":"product_tag","embeddable":true,"href":"https:\/\/over-50.de\/de\/wp-json\/wp\/v2\/product_tag?post=4801"}],"curies":[{"name":"wp","href":"https:\/\/api.w.org\/{rel}","templated":true}]}}