{"id":4803,"date":"2025-06-01T09:47:23","date_gmt":"2025-06-01T15:47:23","guid":{"rendered":"https:\/\/over-50.de\/product\/engagieren-sie-sich\/"},"modified":"2025-06-01T09:47:23","modified_gmt":"2025-06-01T15:47:23","slug":"engagieren-sie-sich","status":"publish","type":"product","link":"https:\/\/over-50.de\/de\/produkt\/engagieren-sie-sich\/","title":{"rendered":"Engagieren Sie sich"},"content":{"rendered":"<p>Demn\u00e4chst:<\/p>\n<p>Engagieren Sie sich: Ein praktischer Leitfaden zur Entdeckung lokaler Veranstaltungen &amp; Gruppen<\/p>\n<p>Sind Sie bereit, neue Aktivit\u00e4ten zu entdecken und Gleichgesinnte zu treffen? Dieser kurze Leitfaden zeigt Ihnen, wie Sie lokale Veranstaltungen finden, Gruppen beitreten, die Ihren Interessen entsprechen, und gemeinsame Erlebnisse genie\u00dfen k\u00f6nnen. Egal, ob Sie sich f\u00fcr Kunst, Sport oder Kaffeetreffen interessieren, Sie finden praktische Tipps und Inspiration, um das Beste aus Ihrer Gemeinde zu machen.  <\/p>\n","protected":false},"excerpt":{"rendered":"<p>Demn\u00e4chst:<\/p>\n<p>Sind Sie bereit, neue Aktivit\u00e4ten zu entdecken und Gleichgesinnte zu treffen? Dieser kurze Leitfaden zeigt Ihnen, wie Sie lokale Veranstaltungen finden, Gruppen beitreten, die Ihren Interessen entsprechen, und gemeinsame Erlebnisse genie\u00dfen k\u00f6nnen. Egal, ob Sie sich f\u00fcr Kunst, Sport oder Kaffeetreffen interessieren, Sie finden praktische Tipps und Inspiration, um das Beste aus Ihrer Gemeinde zu machen.  <\/p>\n","protected":false},"featured_media":4496,"comment_status":"open","ping_status":"closed","template":"","meta":[],"product_brand":[],"product_cat":[269],"product_tag":[],"class_list":{"0":"post-4803","1":"product","2":"type-product","3":"status-publish","4":"has-post-thumbnail","6":"product_cat-e-buecher","7":"hentry","9":"first","10":"instock","11":"sale","12":"virtual","13":"purchasable","14":"product-type-simple"},"_links":{"self":[{"href":"https:\/\/over-50.de\/de\/wp-json\/wp\/v2\/product\/4803","targetHints":{"allow":["GET"]}}],"collection":[{"href":"https:\/\/over-50.de\/de\/wp-json\/wp\/v2\/product"}],"about":[{"href":"https:\/\/over-50.de\/de\/wp-json\/wp\/v2\/types\/product"}],"replies":[{"embeddable":true,"href":"https:\/\/over-50.de\/de\/wp-json\/wp\/v2\/comments?post=4803"}],"wp:featuredmedia":[{"embeddable":true,"href":"https:\/\/over-50.de\/de\/wp-json\/wp\/v2\/media\/4496"}],"wp:attachment":[{"href":"https:\/\/over-50.de\/de\/wp-json\/wp\/v2\/media?parent=4803"}],"wp:term":[{"taxonomy":"product_brand","embeddable":true,"href":"https:\/\/over-50.de\/de\/wp-json\/wp\/v2\/product_brand?post=4803"},{"taxonomy":"product_cat","embeddable":true,"href":"https:\/\/over-50.de\/de\/wp-json\/wp\/v2\/product_cat?post=4803"},{"taxonomy":"product_tag","embeddable":true,"href":"https:\/\/over-50.de\/de\/wp-json\/wp\/v2\/product_tag?post=4803"}],"curies":[{"name":"wp","href":"https:\/\/api.w.org\/{rel}","templated":true}]}}