{"id":4860,"date":"2025-06-01T10:14:04","date_gmt":"2025-06-01T16:14:04","guid":{"rendered":"https:\/\/over-50.de\/product\/smartphone-tipps-tricks\/"},"modified":"2026-01-11T07:43:25","modified_gmt":"2026-01-11T13:43:25","slug":"smartphone-tipps-tricks","status":"publish","type":"product","link":"https:\/\/over-50.de\/de\/produkt\/smartphone-tipps-tricks\/","title":{"rendered":"Smartphone Tipps &amp; Tricks"},"content":{"rendered":"<p>Demn\u00e4chst:<\/p>\n<p>Smartphone Tipps &amp; Tricks: Sorgen Sie daf\u00fcr, dass Ihr Ger\u00e4t f\u00fcr Sie arbeitet<\/p>\n<p>Meistern Sie Ihr Smartphone und sch\u00f6pfen Sie sein volles Potenzial mit diesem schnellen und freundlichen Ratgeber aus. Von der Anpassung der Einstellungen f\u00fcr eine einfachere Navigation bis hin zur Entdeckung hilfreicher Apps lernen Sie kleine \u00c4nderungen kennen, die einen gro\u00dfen Unterschied machen. Ideal f\u00fcr alle, die jeden Tag verbunden, organisiert und sicher im Umgang mit ihrem Smartphone sein m\u00f6chten.<\/p>\n","protected":false},"excerpt":{"rendered":"<p>Demn\u00e4chst:<\/p>\n<p>Meistern Sie Ihr Smartphone und sch\u00f6pfen Sie sein volles Potenzial mit diesem schnellen und freundlichen Ratgeber aus. Von der Anpassung der Einstellungen f\u00fcr eine einfachere Navigation bis hin zur Entdeckung hilfreicher Apps lernen Sie kleine \u00c4nderungen kennen, die einen gro\u00dfen Unterschied machen. Ideal f\u00fcr alle, die jeden Tag verbunden, organisiert und sicher im Umgang mit ihrem Smartphone sein m\u00f6chten.<\/p>\n","protected":false},"featured_media":4498,"comment_status":"open","ping_status":"closed","template":"","meta":[],"product_brand":[],"product_cat":[269],"product_tag":[],"class_list":{"0":"post-4860","1":"product","2":"type-product","3":"status-publish","4":"has-post-thumbnail","6":"product_cat-e-buecher","7":"hentry","9":"first","10":"instock","11":"shipping-taxable","12":"purchasable","13":"product-type-simple"},"_links":{"self":[{"href":"https:\/\/over-50.de\/de\/wp-json\/wp\/v2\/product\/4860","targetHints":{"allow":["GET"]}}],"collection":[{"href":"https:\/\/over-50.de\/de\/wp-json\/wp\/v2\/product"}],"about":[{"href":"https:\/\/over-50.de\/de\/wp-json\/wp\/v2\/types\/product"}],"replies":[{"embeddable":true,"href":"https:\/\/over-50.de\/de\/wp-json\/wp\/v2\/comments?post=4860"}],"wp:featuredmedia":[{"embeddable":true,"href":"https:\/\/over-50.de\/de\/wp-json\/wp\/v2\/media\/4498"}],"wp:attachment":[{"href":"https:\/\/over-50.de\/de\/wp-json\/wp\/v2\/media?parent=4860"}],"wp:term":[{"taxonomy":"product_brand","embeddable":true,"href":"https:\/\/over-50.de\/de\/wp-json\/wp\/v2\/product_brand?post=4860"},{"taxonomy":"product_cat","embeddable":true,"href":"https:\/\/over-50.de\/de\/wp-json\/wp\/v2\/product_cat?post=4860"},{"taxonomy":"product_tag","embeddable":true,"href":"https:\/\/over-50.de\/de\/wp-json\/wp\/v2\/product_tag?post=4860"}],"curies":[{"name":"wp","href":"https:\/\/api.w.org\/{rel}","templated":true}]}}